{"id":512,"date":"2015-11-17T20:25:08","date_gmt":"2015-11-17T20:25:08","guid":{"rendered":"http:\/\/mextechnologies.pl\/?page_id=512"},"modified":"2019-08-02T09:16:37","modified_gmt":"2019-08-02T07:16:37","slug":"mex-technologies","status":"publish","type":"page","link":"https:\/\/mextechnologies.pl\/en\/","title":{"rendered":"MEX TECHNOLOGIES"},"content":{"rendered":"<div class=\"slider-wrapper relative\" id=\"slider-372013035\" >\n    <div class=\"slider slider-nav-circle slider-nav-large slider-nav-light slider-style-normal\"\n        data-flickity-options='{\n            \"cellAlign\": \"center\",\n            \"imagesLoaded\": true,\n            \"lazyLoad\": 1,\n            \"freeScroll\": false,\n            \"wrapAround\": true,\n            \"autoPlay\": 6000,\n            \"pauseAutoPlayOnHover\" : true,\n            \"prevNextButtons\": true,\n            \"contain\" : true,\n            \"adaptiveHeight\" : true,\n            \"dragThreshold\" : 10,\n            \"percentPosition\": true,\n            \"pageDots\": true,\n            \"rightToLeft\": false,\n            \"draggable\": true,\n            \"selectedAttraction\": 0.1,\n            \"parallax\" : 0,\n            \"friction\": 0.6        }'\n        >\n        \n\n  <div class=\"banner has-hover has-parallax\" id=\"banner-23244466\">\n          <div class=\"banner-inner fill\">\n        <div class=\"banner-bg fill\" data-parallax=\"-3\" data-parallax-container=\".banner\" data-parallax-background>\n            <div class=\"bg fill bg-fill \"><\/div>\n                        <div class=\"overlay\"><\/div>            \n                    <\/div>\n\t\t\n        <div class=\"banner-layers container\">\n            <div class=\"fill banner-link\"><\/div>            \n   <div id=\"text-box-1805943524\" class=\"text-box banner-layer x0 md-x0 lg-x0 y95 md-y90 lg-y90 res-text\">\n                                <div class=\"text-box-content text box-shadow-1 dark\">\n              \n              <div class=\"text-inner text-left\">\n                  \n<h3 class=\"uppercase\">MEX TECHNOLOGIES<\/h3>\n<p>is a trade organization specialized in supplying a wide range of military equipment, services and technology for police and armed forces as well as civilian facilities for selected industries.<\/p>\n<a href=\"http:\/\/mextechnologies.pl\/oferta\/\" class=\"button primary is-gradient\"  style=\"border-radius:99px;\">\n    <span>OFFER<\/span>\n  <\/a>\n\n              <\/div>\n           <\/div>\n                            \n<style>\n#text-box-1805943524 .text-box-content {\n  background-color: rgba(0, 0, 0, 0.5);\n  border-radius: 30px;\n  font-size: 100%;\n}\n#text-box-1805943524 .text-inner {\n  padding: 30px 30px 30px 30px;\n}\n#text-box-1805943524 {\n  width: 90%;\n}\n@media (min-width:550px) {\n  #text-box-1805943524 {\n    width: 64%;\n  }\n}\n<\/style>\n    <\/div>\n \n        <\/div>\n      <\/div>\n\n            \n<style>\n#banner-23244466 {\n  padding-top: 637px;\n}\n#banner-23244466 .bg.bg-loaded {\n  background-image: url(https:\/\/mextechnologies.pl\/wp-content\/uploads\/2018\/04\/tlo1.jpg);\n}\n#banner-23244466 .overlay {\n  background-color: rgba(0, 0, 0, 0.5);\n}\n#banner-23244466 .bg {\n  background-position: 28% 48%;\n}\n<\/style>\n  <\/div>\n\n\n\n  <div class=\"banner has-hover has-parallax\" id=\"banner-1908970189\">\n          <div class=\"banner-inner fill\">\n        <div class=\"banner-bg fill\" data-parallax=\"-3\" data-parallax-container=\".banner\" data-parallax-background>\n            <div class=\"bg fill bg-fill \"><\/div>\n                        <div class=\"overlay\"><\/div>            \n                    <\/div>\n\t\t\n        <div class=\"banner-layers container\">\n            <div class=\"fill banner-link\"><\/div>            \n   <div id=\"text-box-685636856\" class=\"text-box banner-layer x0 md-x0 lg-x0 y95 md-y90 lg-y90 res-text\">\n                                <div class=\"text-box-content text box-shadow-1 dark\">\n              \n              <div class=\"text-inner text-left\">\n                  \n<h3 class=\"uppercase\">MEX TECHNOLOGIES<\/h3>\n<p>To ensure the highest quality of our services MEX TECHNOLOGIES collaborates with <strong>the largest and most reputable manufacturers of special equipment in the world<\/strong>. The emphasis is on cooperation with producers and Research and Development Centers in Poland and other countries in order <strong>to combine the latest technology with traditional equipment still used in many parts of the world.<\/strong><\/p>\n<a href=\"http:\/\/mextechnologies.pl\/oferta\/\" class=\"button primary is-gradient\"  style=\"border-radius:99px;\">\n    <span>OFFER<\/span>\n  <\/a>\n\n              <\/div>\n           <\/div>\n                            \n<style>\n#text-box-685636856 .text-box-content {\n  background-color: rgba(0, 0, 0, 0.5);\n  border-radius: 30px;\n  font-size: 100%;\n}\n#text-box-685636856 .text-inner {\n  padding: 30px 30px 30px 30px;\n}\n#text-box-685636856 {\n  width: 90%;\n}\n@media (min-width:550px) {\n  #text-box-685636856 {\n    width: 64%;\n  }\n}\n<\/style>\n    <\/div>\n \n        <\/div>\n      <\/div>\n\n            \n<style>\n#banner-1908970189 {\n  padding-top: 637px;\n}\n#banner-1908970189 .bg.bg-loaded {\n  background-image: url(https:\/\/mextechnologies.pl\/wp-content\/uploads\/2018\/04\/tlo2.jpg);\n}\n#banner-1908970189 .overlay {\n  background-color: rgba(0, 0, 0, 0.5);\n}\n#banner-1908970189 .bg {\n  background-position: 62% 34%;\n}\n<\/style>\n  <\/div>\n\n\n     <\/div>\n\n     <div class=\"loading-spin dark large centered\"><\/div>\n\n\t<\/div>\n\n\n\t<section class=\"section\" id=\"section_1504687980\">\n\t\t<div class=\"bg section-bg fill bg-fill  bg-loaded\" >\n\n\t\t\t\n\t\t\t<div class=\"section-bg-overlay absolute fill\"><\/div>\n\t\t\t\n\t<div class=\"is-border\"\n\t\tstyle=\"border-width:1px 0px 1px 0px;\">\n\t<\/div>\n\n\t\t<\/div>\n\n\t\t\n\n\t\t<div class=\"section-content relative\">\n\t\t\t\n<div class=\"row row-large align-middle\"  id=\"row-901936598\">\n\n\t<div id=\"col-1597364245\" class=\"col medium-6 small-12 large-6\"  >\n\t\t\t\t<div class=\"col-inner\"  >\n\t\t\t\n\t\t\t\n\t<div class=\"img has-hover x md-x lg-x y md-y lg-y\" id=\"image_597984718\">\n\t\t\t\t\t\t\t\t<div class=\"img-inner image-zoom dark\" >\n\t\t\t<img loading=\"lazy\" decoding=\"async\" width=\"1000\" height=\"586\" src=\"https:\/\/mextechnologies.pl\/wp-content\/uploads\/2018\/04\/budynek1-new.jpg\" class=\"attachment-large size-large\" alt=\"\" srcset=\"https:\/\/mextechnologies.pl\/wp-content\/uploads\/2018\/04\/budynek1-new.jpg 1000w, https:\/\/mextechnologies.pl\/wp-content\/uploads\/2018\/04\/budynek1-new-683x400.jpg 683w, https:\/\/mextechnologies.pl\/wp-content\/uploads\/2018\/04\/budynek1-new-768x450.jpg 768w\" sizes=\"(max-width: 1000px) 100vw, 1000px\" \/>\t\t\t\t\t\t\n\t\t\t\t\t<\/div>\n\t\t\t\t\t\t\t\t\n<style>\n#image_597984718 {\n  width: 100%;\n}\n<\/style>\n\t<\/div>\n\t\n\t\t<\/div>\n\t\t\t\t\t<\/div>\n\n\t\n\n\t<div id=\"col-1917313460\" class=\"col medium-6 small-12 large-6\"  >\n\t\t\t\t<div class=\"col-inner text-left\"  >\n\t\t\t\n\t\t\t\n<h2 class=\"uppercase\">MEX TECHNOLOGIES<\/h2>\n<p>is a company specialized in supplying a wide range of <strong>military equipment, services and technology for police and armed forces as well as civilian facilities for selected industries. <\/strong><\/p>\n<p>In export our activities focus on selected markets, including the Middle East, North and West Africa and India, offering to our partners as well as consistently growing group of new customers, Polish and foreign equipment, technology and wide range of services.<\/p>\n\t\t<\/div>\n\t\t\t\t\t<\/div>\n\n\t\n<\/div>\n\t\t<\/div>\n\n\t\t\n<style>\n#section_1504687980 {\n  padding-top: 60px;\n  padding-bottom: 60px;\n  background-color: rgb(193, 193, 193);\n}\n#section_1504687980 .section-bg-overlay {\n  background-color: rgba(255, 255, 255, 0.85);\n}\n<\/style>\n\t<\/section>\n\t\n\t<section class=\"section\" id=\"section_327500449\">\n\t\t<div class=\"bg section-bg fill bg-fill  bg-loaded\" >\n\n\t\t\t\n\t\t\t<div class=\"section-bg-overlay absolute fill\"><\/div>\n\t\t\t\n\n\t\t<\/div>\n\n\t\t\n\n\t\t<div class=\"section-content relative\">\n\t\t\t\n<div class=\"row row-large align-middle\"  id=\"row-54923433\">\n\n\t<div id=\"col-2136285872\" class=\"col medium-6 small-12 large-6\"  >\n\t\t\t\t<div class=\"col-inner text-left\"  >\n\t\t\t\n\t\t\t\n<h2 class=\"uppercase\">Over 60 years of tradition<\/h2>\n<p>Having begun its activities in 2004<strong> MEX TECHNOLOGIES uses over 60 years of achievements, commercial experience and the best traditions of METALEXPORT operating since 1949, recognizable in international markets as exporter of machines, tools and production lines.<\/strong> Since 1980, the company has become also engaged in weapons and military equipment trade.<\/p>\n\t\t<\/div>\n\t\t\t\t\t<\/div>\n\n\t\n\n\t<div id=\"col-806494823\" class=\"col medium-6 small-12 large-6\"  >\n\t\t\t\t<div class=\"col-inner\"  >\n\t\t\t\n\t\t\t\n\t<div class=\"img has-hover x md-x lg-x y md-y lg-y\" id=\"image_187169732\">\n\t\t\t\t\t\t\t\t<div class=\"img-inner image-zoom box-shadow-2 dark\" >\n\t\t\t<img loading=\"lazy\" decoding=\"async\" width=\"1000\" height=\"586\" src=\"https:\/\/mextechnologies.pl\/wp-content\/uploads\/2018\/04\/budynek1-old.jpg\" class=\"attachment-large size-large\" alt=\"\" srcset=\"https:\/\/mextechnologies.pl\/wp-content\/uploads\/2018\/04\/budynek1-old.jpg 1000w, https:\/\/mextechnologies.pl\/wp-content\/uploads\/2018\/04\/budynek1-old-683x400.jpg 683w, https:\/\/mextechnologies.pl\/wp-content\/uploads\/2018\/04\/budynek1-old-768x450.jpg 768w\" sizes=\"(max-width: 1000px) 100vw, 1000px\" \/>\t\t\t\t\t\t\n\t\t\t\t\t<\/div>\n\t\t\t\t\t\t\t\t\n<style>\n#image_187169732 {\n  width: 100%;\n}\n<\/style>\n\t<\/div>\n\t\n\t\t<\/div>\n\t\t\t\t\t<\/div>\n\n\t\n<\/div>\n\t\t<\/div>\n\n\t\t\n<style>\n#section_327500449 {\n  padding-top: 60px;\n  padding-bottom: 60px;\n  background-color: rgb(255, 255, 255);\n}\n#section_327500449 .section-bg-overlay {\n  background-color: rgba(255, 255, 255, 0.85);\n}\n<\/style>\n\t<\/section>\n\t\n\t<section class=\"section\" id=\"section_2093070360\">\n\t\t<div class=\"bg section-bg fill bg-fill  bg-loaded\" >\n\n\t\t\t\n\t\t\t<div class=\"section-bg-overlay absolute fill\"><\/div>\n\t\t\t\n\t<div class=\"is-border\"\n\t\tstyle=\"border-width:1px 0px 1px 0px;\">\n\t<\/div>\n\n\t\t<\/div>\n\n\t\t\n\n\t\t<div class=\"section-content relative\">\n\t\t\t\n<div class=\"row row-large align-middle\"  id=\"row-986002920\">\n\n\t<div id=\"col-1379887502\" class=\"col medium-6 small-12 large-6\"  >\n\t\t\t\t<div class=\"col-inner\"  >\n\t\t\t\n\t\t\t\n\t<div class=\"img has-hover x md-x lg-x y md-y lg-y\" id=\"image_198275303\">\n\t\t\t\t\t\t\t\t<div class=\"img-inner image-zoom box-shadow-2 dark\" >\n\t\t\t<img loading=\"lazy\" decoding=\"async\" width=\"1020\" height=\"585\" src=\"https:\/\/mextechnologies.pl\/wp-content\/uploads\/2018\/04\/7.jpg\" class=\"attachment-large size-large\" alt=\"\" srcset=\"https:\/\/mextechnologies.pl\/wp-content\/uploads\/2018\/04\/7.jpg 1244w, https:\/\/mextechnologies.pl\/wp-content\/uploads\/2018\/04\/7-697x400.jpg 697w, https:\/\/mextechnologies.pl\/wp-content\/uploads\/2018\/04\/7-768x441.jpg 768w\" sizes=\"(max-width: 1020px) 100vw, 1020px\" \/>\t\t\t\t\t\t\n\t\t\t\t\t<\/div>\n\t\t\t\t\t\t\t\t\n<style>\n#image_198275303 {\n  width: 100%;\n}\n<\/style>\n\t<\/div>\n\t\n\t\t<\/div>\n\t\t\t\t\t<\/div>\n\n\t\n\n\t<div id=\"col-83271297\" class=\"col medium-6 small-12 large-6\"  >\n\t\t\t\t<div class=\"col-inner text-left\"  >\n\t\t\t\n\t\t\t\n<h2 class=\"uppercase\">THE HIGHEST QUALITY OF SERVICES<\/h2>\n<p>To ensure the highest quality of our services MEX TECHNOLOGIES collaborates with <strong>the largest and most reputable manufacturers of special equipment in the world<\/strong>. The emphasis is on cooperation with producers and Research and Development Centers in Poland and other countries in order <strong>to combine the latest technology with traditional equipment still used in many parts of the world.<\/strong><\/p>\n\t\t<\/div>\n\t\t\t\t\t<\/div>\n\n\t\n<\/div>\n\t\t<\/div>\n\n\t\t\n<style>\n#section_2093070360 {\n  padding-top: 60px;\n  padding-bottom: 60px;\n  background-color: rgb(193, 193, 193);\n}\n#section_2093070360 .section-bg-overlay {\n  background-color: rgba(255, 255, 255, 0.85);\n}\n<\/style>\n\t<\/section>\n\t\n\t<section class=\"section\" id=\"section_856848814\">\n\t\t<div class=\"bg section-bg fill bg-fill  bg-loaded\" >\n\n\t\t\t\n\t\t\t<div class=\"section-bg-overlay absolute fill\"><\/div>\n\t\t\t\n\n\t\t<\/div>\n\n\t\t\n\n\t\t<div class=\"section-content relative\">\n\t\t\t\n<div class=\"row row-large align-middle\"  id=\"row-1160996699\">\n\n\t<div id=\"col-2107378449\" class=\"col medium-6 small-12 large-6\"  >\n\t\t\t\t<div class=\"col-inner text-left\"  >\n\t\t\t\n\t\t\t\n<h2 class=\"uppercase\">QUALIFICATIONS AND EXPERIENCE<\/h2>\n<p>Many years of experience, highly qualified staff and <strong>commercial presence for more than half a century in dozens of countries<\/strong> around the world make MEX TECHNOLOGIES <strong>a reliable and well proven business partner. <\/strong><\/p>\n<p>Thus, we are able to <strong>satisfy even the most sophisticated needs of existing and potential customers. <\/strong>Effective management and organization of MEX TECHNOLOGIES combined with the highest competence of our team and constantly developing business connections <strong>guarantee the supply of superior products and technology solutions.<\/strong><\/p>\n<a href=\"http:\/\/mextechnologies.pl\/certyfikaty\/\" class=\"button primary\"  style=\"border-radius:99px;\">\n    <span>CERTIFICATES<\/span>\n  <\/a>\n\n\t\t<\/div>\n\t\t\t\t\t<\/div>\n\n\t\n\n\t<div id=\"col-1214819066\" class=\"col medium-6 small-12 large-6\"  >\n\t\t\t\t<div class=\"col-inner\"  >\n\t\t\t\n\t\t\t\n\t<div class=\"img has-hover x md-x lg-x y md-y lg-y\" id=\"image_611191990\">\n\t\t\t\t\t\t\t\t<div class=\"img-inner image-zoom box-shadow-2 dark\" >\n\t\t\t<img loading=\"lazy\" decoding=\"async\" width=\"1020\" height=\"680\" src=\"https:\/\/mextechnologies.pl\/wp-content\/uploads\/2018\/04\/certyfikaty-mont-small-1200x800.jpg\" class=\"attachment-large size-large\" alt=\"\" srcset=\"https:\/\/mextechnologies.pl\/wp-content\/uploads\/2018\/04\/certyfikaty-mont-small.jpg 1200w, https:\/\/mextechnologies.pl\/wp-content\/uploads\/2018\/04\/certyfikaty-mont-small-600x400.jpg 600w, https:\/\/mextechnologies.pl\/wp-content\/uploads\/2018\/04\/certyfikaty-mont-small-768x512.jpg 768w\" sizes=\"(max-width: 1020px) 100vw, 1020px\" \/>\t\t\t\t\t\t\n\t\t\t\t\t<\/div>\n\t\t\t\t\t\t\t\t\n<style>\n#image_611191990 {\n  width: 100%;\n}\n<\/style>\n\t<\/div>\n\t\n\t\t<\/div>\n\t\t\t\t\t<\/div>\n\n\t\n<\/div>\n\t\t<\/div>\n\n\t\t\n<style>\n#section_856848814 {\n  padding-top: 60px;\n  padding-bottom: 60px;\n  background-color: rgb(255, 255, 255);\n}\n#section_856848814 .section-bg-overlay {\n  background-color: rgba(255, 255, 255, 0.85);\n}\n<\/style>\n\t<\/section>\n\t\n<div class=\"message-box relative dark\" style=\"padding-top:36px;padding-bottom:36px;\"><div class=\"message-box-bg-image bg-fill fill\" style=\"background-image:url(https:\/\/mextechnologies.pl\/wp-content\/uploads\/2018\/04\/1amun-1400x201.jpg);\"><\/div><div class=\"message-box-bg-overlay bg-fill fill\" style=\"background-color:rgba(87, 80, 59, 0.79);\"><\/div><div class=\"container relative\"><div class=\"inner last-reset\">\n<div class=\"row align-middle\"  id=\"row-1401911289\">\n\n\t<div id=\"col-518734654\" class=\"col medium-7 small-12 large-7\"  >\n\t\t\t\t<div class=\"col-inner\"  >\n\t\t\t\n\t\t\t\n<h2>OUR SHOP<\/h2>\r\nWe invite you to our showroom and internet.\n\t\t<\/div>\n\t\t\t\t\t<\/div>\n\n\t\n\n\t<div id=\"col-301887264\" class=\"col medium-5 small-12 large-5\"  >\n\t\t\t\t<div class=\"col-inner text-right\"  >\n\t\t\t\n\t\t\t\n<a data-animate=\"flipInY\" href=\"http:\/\/mexarmory.pl\" target=\"_blank\" class=\"button white is-larger box-shadow-1\" rel=\"noopener\"  style=\"border-radius:99px;\">\n    <span>SHOP<\/span>\n  <i class=\"icon-shopping-cart\" aria-hidden=\"true\" ><\/i><\/a>\n\n\t\t<\/div>\n\t\t\t\t\t<\/div>\n\n\t\n<\/div>\n<\/div><\/div><\/div>\n","protected":false},"excerpt":{"rendered":"","protected":false},"author":1,"featured_media":581,"parent":0,"menu_order":1,"comment_status":"closed","ping_status":"closed","template":"page-transparent-header-light.php","meta":{"footnotes":""},"yoast_head":"<!-- This site is optimized with the Yoast SEO plugin v22.3 - https:\/\/yoast.com\/wordpress\/plugins\/seo\/ -->\n<title>MEX TECHNOLOGIES<\/title>\n<meta name=\"description\" content=\"Mex Technologies jest firm\u0105 specjalizuj\u0105c\u0105 si\u0119 w dostawach szerokiego asortymentu sprz\u0119tu, us\u0142ug oraz technologii dla wojska, policji i s\u0142u\u017cb mundurowych, jak r\u00f3wnie\u017c cywilnych urz\u0105dze\u0144 dla wybranych bran\u017c przemys\u0142owych.\" \/>\n<meta name=\"robots\" content=\"index, follow, max-snippet:-1, max-image-preview:large, max-video-preview:-1\" \/>\n<link rel=\"canonical\" href=\"https:\/\/mextechnologies.pl\/en\/\" \/>\n<meta property=\"og:locale\" content=\"en_US\" \/>\n<meta property=\"og:type\" content=\"article\" \/>\n<meta property=\"og:title\" content=\"MEX TECHNOLOGIES\" \/>\n<meta property=\"og:description\" content=\"Mex Technologies jest firm\u0105 specjalizuj\u0105c\u0105 si\u0119 w dostawach szerokiego asortymentu sprz\u0119tu, us\u0142ug oraz technologii dla wojska, policji i s\u0142u\u017cb mundurowych, jak r\u00f3wnie\u017c cywilnych urz\u0105dze\u0144 dla wybranych bran\u017c przemys\u0142owych.\" \/>\n<meta property=\"og:url\" content=\"https:\/\/mextechnologies.pl\/en\/\" \/>\n<meta property=\"og:site_name\" content=\"MEX TECHNOLOGIES\" \/>\n<meta property=\"article:modified_time\" content=\"2019-08-02T07:16:37+00:00\" \/>\n<meta property=\"og:image\" content=\"https:\/\/mextechnologies.pl\/wp-content\/uploads\/2018\/04\/tlo1.jpg\" \/>\n\t<meta property=\"og:image:width\" content=\"1449\" \/>\n\t<meta property=\"og:image:height\" content=\"567\" \/>\n\t<meta property=\"og:image:type\" content=\"image\/jpeg\" \/>\n<meta name=\"twitter:card\" content=\"summary_large_image\" \/>\n<meta name=\"twitter:label1\" content=\"Est. reading time\" \/>\n\t<meta name=\"twitter:data1\" content=\"3 minutes\" \/>\n<script type=\"application\/ld+json\" class=\"yoast-schema-graph\">{\"@context\":\"https:\/\/schema.org\",\"@graph\":[{\"@type\":\"WebPage\",\"@id\":\"https:\/\/mextechnologies.pl\/en\/\",\"url\":\"https:\/\/mextechnologies.pl\/en\/\",\"name\":\"MEX TECHNOLOGIES\",\"isPartOf\":{\"@id\":\"https:\/\/mextechnologies.pl\/#website\"},\"primaryImageOfPage\":{\"@id\":\"https:\/\/mextechnologies.pl\/en\/#primaryimage\"},\"image\":{\"@id\":\"https:\/\/mextechnologies.pl\/en\/#primaryimage\"},\"thumbnailUrl\":\"https:\/\/mextechnologies.pl\/wp-content\/uploads\/2018\/04\/tlo1.jpg\",\"datePublished\":\"2015-11-17T20:25:08+00:00\",\"dateModified\":\"2019-08-02T07:16:37+00:00\",\"description\":\"Mex Technologies jest firm\u0105 specjalizuj\u0105c\u0105 si\u0119 w dostawach szerokiego asortymentu sprz\u0119tu, us\u0142ug oraz technologii dla wojska, policji i s\u0142u\u017cb mundurowych, jak r\u00f3wnie\u017c cywilnych urz\u0105dze\u0144 dla wybranych bran\u017c przemys\u0142owych.\",\"breadcrumb\":{\"@id\":\"https:\/\/mextechnologies.pl\/en\/#breadcrumb\"},\"inLanguage\":\"en-US\",\"potentialAction\":[{\"@type\":\"ReadAction\",\"target\":[\"https:\/\/mextechnologies.pl\/en\/\"]}]},{\"@type\":\"ImageObject\",\"inLanguage\":\"en-US\",\"@id\":\"https:\/\/mextechnologies.pl\/en\/#primaryimage\",\"url\":\"https:\/\/mextechnologies.pl\/wp-content\/uploads\/2018\/04\/tlo1.jpg\",\"contentUrl\":\"https:\/\/mextechnologies.pl\/wp-content\/uploads\/2018\/04\/tlo1.jpg\",\"width\":1449,\"height\":567,\"caption\":\"Loading on Black Hawk helicopters, Soldiers of Company F, 3rd Battalion, 227th Aviation Regiment, 1st Cavalry Brigade, 1st Cavalry Division, Multi-National Division-Baghdad, prepare to fly to a nearby town and conduct a presence patrol, Sept. 18.\"},{\"@type\":\"BreadcrumbList\",\"@id\":\"https:\/\/mextechnologies.pl\/en\/#breadcrumb\",\"itemListElement\":[{\"@type\":\"ListItem\",\"position\":1,\"name\":\"Strona g\u0142\u00f3wna\",\"item\":\"https:\/\/mextechnologies.pl\/en\/\"},{\"@type\":\"ListItem\",\"position\":2,\"name\":\"MEX TECHNOLOGIES\"}]},{\"@type\":\"WebSite\",\"@id\":\"https:\/\/mextechnologies.pl\/#website\",\"url\":\"https:\/\/mextechnologies.pl\/\",\"name\":\"MEX TECHNOLOGIES\",\"description\":\"MEX TECHNOLOGIES\",\"publisher\":{\"@id\":\"https:\/\/mextechnologies.pl\/#organization\"},\"potentialAction\":[{\"@type\":\"SearchAction\",\"target\":{\"@type\":\"EntryPoint\",\"urlTemplate\":\"https:\/\/mextechnologies.pl\/?s={search_term_string}\"},\"query-input\":\"required name=search_term_string\"}],\"inLanguage\":\"en-US\"},{\"@type\":\"Organization\",\"@id\":\"https:\/\/mextechnologies.pl\/#organization\",\"name\":\"MEX TECHNOLOGIES\",\"url\":\"https:\/\/mextechnologies.pl\/\",\"logo\":{\"@type\":\"ImageObject\",\"inLanguage\":\"en-US\",\"@id\":\"https:\/\/mextechnologies.pl\/#\/schema\/logo\/image\/\",\"url\":\"http:\/\/mextechnologies.pl\/wp-content\/uploads\/2018\/04\/MEXlogo.png\",\"contentUrl\":\"http:\/\/mextechnologies.pl\/wp-content\/uploads\/2018\/04\/MEXlogo.png\",\"width\":691,\"height\":40,\"caption\":\"MEX TECHNOLOGIES\"},\"image\":{\"@id\":\"https:\/\/mextechnologies.pl\/#\/schema\/logo\/image\/\"}}]}<\/script>\n<!-- \/ Yoast SEO plugin. -->","yoast_head_json":{"title":"MEX TECHNOLOGIES","description":"Mex Technologies jest firm\u0105 specjalizuj\u0105c\u0105 si\u0119 w dostawach szerokiego asortymentu sprz\u0119tu, us\u0142ug oraz technologii dla wojska, policji i s\u0142u\u017cb mundurowych, jak r\u00f3wnie\u017c cywilnych urz\u0105dze\u0144 dla wybranych bran\u017c przemys\u0142owych.","robots":{"index":"index","follow":"follow","max-snippet":"max-snippet:-1","max-image-preview":"max-image-preview:large","max-video-preview":"max-video-preview:-1"},"canonical":"https:\/\/mextechnologies.pl\/en\/","og_locale":"en_US","og_type":"article","og_title":"MEX TECHNOLOGIES","og_description":"Mex Technologies jest firm\u0105 specjalizuj\u0105c\u0105 si\u0119 w dostawach szerokiego asortymentu sprz\u0119tu, us\u0142ug oraz technologii dla wojska, policji i s\u0142u\u017cb mundurowych, jak r\u00f3wnie\u017c cywilnych urz\u0105dze\u0144 dla wybranych bran\u017c przemys\u0142owych.","og_url":"https:\/\/mextechnologies.pl\/en\/","og_site_name":"MEX TECHNOLOGIES","article_modified_time":"2019-08-02T07:16:37+00:00","og_image":[{"width":1449,"height":567,"url":"https:\/\/mextechnologies.pl\/wp-content\/uploads\/2018\/04\/tlo1.jpg","type":"image\/jpeg"}],"twitter_card":"summary_large_image","twitter_misc":{"Est. reading time":"3 minutes"},"schema":{"@context":"https:\/\/schema.org","@graph":[{"@type":"WebPage","@id":"https:\/\/mextechnologies.pl\/en\/","url":"https:\/\/mextechnologies.pl\/en\/","name":"MEX TECHNOLOGIES","isPartOf":{"@id":"https:\/\/mextechnologies.pl\/#website"},"primaryImageOfPage":{"@id":"https:\/\/mextechnologies.pl\/en\/#primaryimage"},"image":{"@id":"https:\/\/mextechnologies.pl\/en\/#primaryimage"},"thumbnailUrl":"https:\/\/mextechnologies.pl\/wp-content\/uploads\/2018\/04\/tlo1.jpg","datePublished":"2015-11-17T20:25:08+00:00","dateModified":"2019-08-02T07:16:37+00:00","description":"Mex Technologies jest firm\u0105 specjalizuj\u0105c\u0105 si\u0119 w dostawach szerokiego asortymentu sprz\u0119tu, us\u0142ug oraz technologii dla wojska, policji i s\u0142u\u017cb mundurowych, jak r\u00f3wnie\u017c cywilnych urz\u0105dze\u0144 dla wybranych bran\u017c przemys\u0142owych.","breadcrumb":{"@id":"https:\/\/mextechnologies.pl\/en\/#breadcrumb"},"inLanguage":"en-US","potentialAction":[{"@type":"ReadAction","target":["https:\/\/mextechnologies.pl\/en\/"]}]},{"@type":"ImageObject","inLanguage":"en-US","@id":"https:\/\/mextechnologies.pl\/en\/#primaryimage","url":"https:\/\/mextechnologies.pl\/wp-content\/uploads\/2018\/04\/tlo1.jpg","contentUrl":"https:\/\/mextechnologies.pl\/wp-content\/uploads\/2018\/04\/tlo1.jpg","width":1449,"height":567,"caption":"Loading on Black Hawk helicopters, Soldiers of Company F, 3rd Battalion, 227th Aviation Regiment, 1st Cavalry Brigade, 1st Cavalry Division, Multi-National Division-Baghdad, prepare to fly to a nearby town and conduct a presence patrol, Sept. 18."},{"@type":"BreadcrumbList","@id":"https:\/\/mextechnologies.pl\/en\/#breadcrumb","itemListElement":[{"@type":"ListItem","position":1,"name":"Strona g\u0142\u00f3wna","item":"https:\/\/mextechnologies.pl\/en\/"},{"@type":"ListItem","position":2,"name":"MEX TECHNOLOGIES"}]},{"@type":"WebSite","@id":"https:\/\/mextechnologies.pl\/#website","url":"https:\/\/mextechnologies.pl\/","name":"MEX TECHNOLOGIES","description":"MEX TECHNOLOGIES","publisher":{"@id":"https:\/\/mextechnologies.pl\/#organization"},"potentialAction":[{"@type":"SearchAction","target":{"@type":"EntryPoint","urlTemplate":"https:\/\/mextechnologies.pl\/?s={search_term_string}"},"query-input":"required name=search_term_string"}],"inLanguage":"en-US"},{"@type":"Organization","@id":"https:\/\/mextechnologies.pl\/#organization","name":"MEX TECHNOLOGIES","url":"https:\/\/mextechnologies.pl\/","logo":{"@type":"ImageObject","inLanguage":"en-US","@id":"https:\/\/mextechnologies.pl\/#\/schema\/logo\/image\/","url":"http:\/\/mextechnologies.pl\/wp-content\/uploads\/2018\/04\/MEXlogo.png","contentUrl":"http:\/\/mextechnologies.pl\/wp-content\/uploads\/2018\/04\/MEXlogo.png","width":691,"height":40,"caption":"MEX TECHNOLOGIES"},"image":{"@id":"https:\/\/mextechnologies.pl\/#\/schema\/logo\/image\/"}}]}},"_links":{"self":[{"href":"https:\/\/mextechnologies.pl\/en\/wp-json\/wp\/v2\/pages\/512"}],"collection":[{"href":"https:\/\/mextechnologies.pl\/en\/wp-json\/wp\/v2\/pages"}],"about":[{"href":"https:\/\/mextechnologies.pl\/en\/wp-json\/wp\/v2\/types\/page"}],"author":[{"embeddable":true,"href":"https:\/\/mextechnologies.pl\/en\/wp-json\/wp\/v2\/users\/1"}],"replies":[{"embeddable":true,"href":"https:\/\/mextechnologies.pl\/en\/wp-json\/wp\/v2\/comments?post=512"}],"version-history":[{"count":14,"href":"https:\/\/mextechnologies.pl\/en\/wp-json\/wp\/v2\/pages\/512\/revisions"}],"predecessor-version":[{"id":749,"href":"https:\/\/mextechnologies.pl\/en\/wp-json\/wp\/v2\/pages\/512\/revisions\/749"}],"wp:featuredmedia":[{"embeddable":true,"href":"https:\/\/mextechnologies.pl\/en\/wp-json\/wp\/v2\/media\/581"}],"wp:attachment":[{"href":"https:\/\/mextechnologies.pl\/en\/wp-json\/wp\/v2\/media?parent=512"}],"curies":[{"name":"wp","href":"https:\/\/api.w.org\/{rel}","templated":true}]}}